{"id":13,"date":"2026-02-05T14:41:27","date_gmt":"2026-02-05T14:41:27","guid":{"rendered":"https:\/\/www.mathieu-debacq-services.fr\/?page_id=13"},"modified":"2026-02-25T17:46:45","modified_gmt":"2026-02-25T17:46:45","slug":"blog","status":"publish","type":"page","link":"https:\/\/www.mathieu-debacq-services.fr\/index.php\/blog\/","title":{"rendered":"L\u2019exp\u00e9rience et le savoir-faire d\u2019un artisan \u00e0 votre \u00e9coute"},"content":{"rendered":"\n<div style=\"height:48px\" aria-hidden=\"true\" class=\"wp-block-spacer\"><\/div>\n\n\n\n<div class=\"wp-block-columns alignwide is-layout-flex wp-container-core-columns-is-layout-28f84493 wp-block-columns-is-layout-flex\">\n<div class=\"wp-block-column is-layout-flow wp-block-column-is-layout-flow\">\n<figure class=\"wp-block-image size-large is-resized\"><img loading=\"lazy\" decoding=\"async\" width=\"768\" height=\"1024\" src=\"http:\/\/www.mathieu-debacq-services.fr\/wp-content\/uploads\/2026\/02\/WhatsApp-Image-2025-12-23-at-22.12.24-1-768x1024.jpeg\" alt=\"\" class=\"wp-image-27\" style=\"aspect-ratio:0.750005091545997;width:599px;height:auto\" srcset=\"https:\/\/www.mathieu-debacq-services.fr\/wp-content\/uploads\/2026\/02\/WhatsApp-Image-2025-12-23-at-22.12.24-1-768x1024.jpeg 768w, https:\/\/www.mathieu-debacq-services.fr\/wp-content\/uploads\/2026\/02\/WhatsApp-Image-2025-12-23-at-22.12.24-1-225x300.jpeg 225w, https:\/\/www.mathieu-debacq-services.fr\/wp-content\/uploads\/2026\/02\/WhatsApp-Image-2025-12-23-at-22.12.24-1-1152x1536.jpeg 1152w, https:\/\/www.mathieu-debacq-services.fr\/wp-content\/uploads\/2026\/02\/WhatsApp-Image-2025-12-23-at-22.12.24-1.jpeg 1536w\" sizes=\"auto, (max-width: 768px) 100vw, 768px\" \/><\/figure>\n<\/div>\n\n\n\n<div class=\"wp-block-column is-layout-flow wp-block-column-is-layout-flow\">\n<h2 class=\"wp-block-heading\">Mathieu Debacq<\/h2>\n\n\n\n<blockquote class=\"wp-block-quote alignwide is-layout-flow wp-block-quote-is-layout-flow\">\n<p>Mathieu Debacq, au service de votre maison depuis 15 ans<\/p>\n<\/blockquote>\n\n\n\n<p>Depuis plus de 15 ans, j\u2019accompagne les particuliers &amp; professionnels dans leurs travaux, leurs am\u00e9nagements et l\u2019entretien de leur maison, entreprise, chantiers.<\/p>\n\n\n\n<p><br>Mon objectif : proposer des solutions fiables, soign\u00e9es et durables, avec un seul interlocuteur du d\u00e9but \u00e0 la fin.<\/p>\n\n\n\n<h2 class=\"wp-block-heading\"><strong>Ce que je peux faire pour vous<\/strong><\/h2>\n\n\n\n<ul class=\"wp-block-list\">\n<li>Travaux et am\u00e9nagement int\u00e9rieur<\/li>\n\n\n\n<li>R\u00e9parations et entretien du quotidien<\/li>\n\n\n\n<li>Jardin, ext\u00e9rieurs et am\u00e9nagements sur mesure<\/li>\n\n\n\n<li>Peinture, montage, agencement et installations<\/li>\n\n\n\n<li>Des petits travaux aux projets plus complets<\/li>\n<\/ul>\n<\/div>\n<\/div>\n\n\n\n<p><\/p>\n\n\n\n<div style=\"height:100px\" aria-hidden=\"true\" class=\"wp-block-spacer\"><\/div>\n\n\n\n<div class=\"wp-block-group alignfull has-base-2-color has-contrast-background-color has-text-color has-background has-link-color wp-elements-a6ffa8a7b714ce03c325607f4f7cad5e has-global-padding is-layout-constrained wp-container-core-group-is-layout-facafb6f wp-block-group-is-layout-constrained\" style=\"margin-top:0;margin-bottom:0;padding-top:var(--wp--preset--spacing--50);padding-right:var(--wp--preset--spacing--50);padding-bottom:var(--wp--preset--spacing--50);padding-left:var(--wp--preset--spacing--50)\">\n<div class=\"wp-block-columns alignwide is-layout-flex wp-container-core-columns-is-layout-d1c656ed wp-block-columns-is-layout-flex\">\n<div class=\"wp-block-column is-vertically-aligned-stretch is-layout-flow wp-block-column-is-layout-flow\" style=\"padding-right:0;flex-basis:60%\">\n<p class=\"has-medium-font-size\"><\/p>\n\n\n\n<figure class=\"wp-block-image size-large is-style-default\"><img loading=\"lazy\" decoding=\"async\" width=\"768\" height=\"1024\" src=\"https:\/\/www.mathieu-debacq-services.fr\/wp-content\/uploads\/2026\/02\/a2-768x1024.jpg\" alt=\"\" class=\"wp-image-109\" style=\"aspect-ratio:0.7500087820985702;object-fit:cover\" srcset=\"https:\/\/www.mathieu-debacq-services.fr\/wp-content\/uploads\/2026\/02\/a2-768x1024.jpg 768w, https:\/\/www.mathieu-debacq-services.fr\/wp-content\/uploads\/2026\/02\/a2-225x300.jpg 225w, https:\/\/www.mathieu-debacq-services.fr\/wp-content\/uploads\/2026\/02\/a2-1152x1536.jpg 1152w, https:\/\/www.mathieu-debacq-services.fr\/wp-content\/uploads\/2026\/02\/a2-1536x2048.jpg 1536w, https:\/\/www.mathieu-debacq-services.fr\/wp-content\/uploads\/2026\/02\/a2-scaled.jpg 1920w\" sizes=\"auto, (max-width: 768px) 100vw, 768px\" \/><\/figure>\n\n\n\n<div style=\"height:337px\" aria-hidden=\"true\" class=\"wp-block-spacer\"><\/div>\n\n\n\n<p class=\"has-large-font-size\" style=\"font-style:normal;font-weight:500;line-height:1.2\"><strong>Un professionnel impliqu\u00e9 sur chaque chantier<\/strong><\/p>\n\n\n\n<p>De la pr\u00e9paration \u00e0 la finition, chaque projet est r\u00e9alis\u00e9 avec s\u00e9rieux, pr\u00e9cision et sens du d\u00e9tail.<\/p>\n\n\n\n<p>L\u2019objectif n\u2019est pas seulement de faire, mais de faire proprement, durablement et avec un r\u00e9sultat dont vous serez satisfait dans le temps.<br><\/p>\n<\/div>\n\n\n\n<div class=\"wp-block-column is-layout-flow wp-block-column-is-layout-flow\" style=\"flex-basis:40%\">\n<div class=\"wp-block-group has-global-padding is-layout-constrained wp-block-group-is-layout-constrained\">\n<p class=\"has-large-font-size\" style=\"font-style:normal;font-weight:500;line-height:1.2\"><strong>Une approche simple, humaine et s\u00e9rieuse<\/strong><\/p>\n\n\n\n<p class=\"has-medium-font-size\">Faire appel \u00e0 Mathieu Debacq Services, c\u2019est choisir un professionnel local qui privil\u00e9gie l\u2019\u00e9coute, le travail bien fait et la confiance.<br>Chaque intervention est pens\u00e9e pour r\u00e9pondre \u00e0 un besoin concret, avec des solutions adapt\u00e9es \u00e0 votre maison, \u00e0 votre usage et \u00e0 vos priorit\u00e9s.<\/p>\n<\/div>\n\n\n\n<div style=\"height:57px\" aria-hidden=\"true\" class=\"wp-block-spacer\"><\/div>\n\n\n\n<ul class=\"wp-block-list\">\n<li>Un seul interlocuteur du premier \u00e9change jusqu\u2019\u00e0 la r\u00e9alisation<\/li>\n\n\n\n<li>Un travail propre et soign\u00e9 dans le respect de votre domicile<\/li>\n\n\n\n<li>Des solutions fiables et durables pens\u00e9es pour le quotidien<\/li>\n<\/ul>\n\n\n\n<p class=\"has-medium-font-size\"><\/p>\n\n\n\n<div class=\"wp-block-group has-global-padding is-layout-constrained wp-block-group-is-layout-constrained\">\n<div style=\"height:446px\" aria-hidden=\"true\" class=\"wp-block-spacer\"><\/div>\n\n\n\n<div class=\"wp-block-group is-layout-flow wp-block-group-is-layout-flow\">\n<p><\/p>\n<\/div>\n<\/div>\n\n\n\n<figure class=\"wp-block-image size-large is-style-default\"><img loading=\"lazy\" decoding=\"async\" width=\"768\" height=\"1024\" src=\"https:\/\/www.mathieu-debacq-services.fr\/wp-content\/uploads\/2026\/02\/a-768x1024.jpg\" alt=\"\" class=\"wp-image-110\" style=\"aspect-ratio:9\/16;object-fit:cover\" srcset=\"https:\/\/www.mathieu-debacq-services.fr\/wp-content\/uploads\/2026\/02\/a-768x1024.jpg 768w, https:\/\/www.mathieu-debacq-services.fr\/wp-content\/uploads\/2026\/02\/a-225x300.jpg 225w, https:\/\/www.mathieu-debacq-services.fr\/wp-content\/uploads\/2026\/02\/a-1152x1536.jpg 1152w, https:\/\/www.mathieu-debacq-services.fr\/wp-content\/uploads\/2026\/02\/a-1536x2048.jpg 1536w, https:\/\/www.mathieu-debacq-services.fr\/wp-content\/uploads\/2026\/02\/a-scaled.jpg 1920w\" sizes=\"auto, (max-width: 768px) 100vw, 768px\" \/><\/figure>\n<\/div>\n<\/div>\n<\/div>\n\n\n\n<div class=\"wp-block-group alignfull has-global-padding is-layout-constrained wp-container-core-group-is-layout-d89aad35 wp-block-group-is-layout-constrained\" style=\"margin-top:0;margin-bottom:0;padding-top:var(--wp--preset--spacing--50);padding-right:var(--wp--preset--spacing--50);padding-bottom:var(--wp--preset--spacing--50);padding-left:var(--wp--preset--spacing--50)\">\n<div class=\"wp-block-group alignwide has-base-2-background-color has-background has-global-padding is-layout-constrained wp-container-core-group-is-layout-39412042 wp-block-group-is-layout-constrained\" style=\"border-radius:16px;padding-top:var(--wp--preset--spacing--40);padding-right:var(--wp--preset--spacing--50);padding-bottom:var(--wp--preset--spacing--40);padding-left:var(--wp--preset--spacing--50)\">\n<div style=\"height:var(--wp--preset--spacing--10)\" aria-hidden=\"true\" class=\"wp-block-spacer\"><\/div>\n\n\n\n<h2 class=\"wp-block-heading has-text-align-center has-x-large-font-size\">Devis rapide. Contactez-nous !<\/h2>\n\n\n\n<h2 class=\"wp-block-heading has-text-align-center\"><strong>Tel : 06 29 02 86 41<\/strong><\/h2>\n\n\n\n<div class=\"wp-block-buttons is-content-justification-center is-layout-flex wp-container-core-buttons-is-layout-a89b3969 wp-block-buttons-is-layout-flex\">\n<div class=\"wp-block-button\"><a class=\"wp-block-button__link wp-element-button\">Envoyer un message<\/a><\/div>\n<\/div>\n\n\n\n<div style=\"height:var(--wp--preset--spacing--10)\" aria-hidden=\"true\" class=\"wp-block-spacer\"><\/div>\n<\/div>\n<\/div>\n","protected":false},"excerpt":{"rendered":"<p>Mathieu Debacq Mathieu Debacq, au service de votre maison depuis 15 ans Depuis plus de 15 ans, j\u2019accompagne les particuliers &amp; professionnels dans leurs travaux, leurs am\u00e9nagements et l\u2019entretien de leur maison, entreprise, chantiers. Mon objectif : proposer des solutions fiables, soign\u00e9es et durables, avec un seul interlocuteur du d\u00e9but \u00e0 la fin. Ce que [&hellip;]<\/p>\n","protected":false},"author":1,"featured_media":0,"parent":0,"menu_order":0,"comment_status":"closed","ping_status":"closed","template":"","meta":{"footnotes":""},"class_list":["post-13","page","type-page","status-publish","hentry"],"_links":{"self":[{"href":"https:\/\/www.mathieu-debacq-services.fr\/index.php\/wp-json\/wp\/v2\/pages\/13","targetHints":{"allow":["GET"]}}],"collection":[{"href":"https:\/\/www.mathieu-debacq-services.fr\/index.php\/wp-json\/wp\/v2\/pages"}],"about":[{"href":"https:\/\/www.mathieu-debacq-services.fr\/index.php\/wp-json\/wp\/v2\/types\/page"}],"author":[{"embeddable":true,"href":"https:\/\/www.mathieu-debacq-services.fr\/index.php\/wp-json\/wp\/v2\/users\/1"}],"replies":[{"embeddable":true,"href":"https:\/\/www.mathieu-debacq-services.fr\/index.php\/wp-json\/wp\/v2\/comments?post=13"}],"version-history":[{"count":10,"href":"https:\/\/www.mathieu-debacq-services.fr\/index.php\/wp-json\/wp\/v2\/pages\/13\/revisions"}],"predecessor-version":[{"id":167,"href":"https:\/\/www.mathieu-debacq-services.fr\/index.php\/wp-json\/wp\/v2\/pages\/13\/revisions\/167"}],"wp:attachment":[{"href":"https:\/\/www.mathieu-debacq-services.fr\/index.php\/wp-json\/wp\/v2\/media?parent=13"}],"curies":[{"name":"wp","href":"https:\/\/api.w.org\/{rel}","templated":true}]}}