{"id":14,"date":"2026-02-05T14:41:27","date_gmt":"2026-02-05T14:41:27","guid":{"rendered":"https:\/\/www.mathieu-debacq-services.fr\/?page_id=14"},"modified":"2026-02-20T17:49:12","modified_gmt":"2026-02-20T17:49:12","slug":"portfolios","status":"publish","type":"page","link":"https:\/\/www.mathieu-debacq-services.fr\/index.php\/portfolios\/","title":{"rendered":"Portfolio"},"content":{"rendered":"\n<div class=\"wp-block-group alignwide has-global-padding is-layout-constrained wp-block-group-is-layout-constrained\">\n<h1 class=\"wp-block-heading alignwide has-xx-large-font-size\" style=\"line-height:1.2\">Quelques travaux r\u00e9alis\u00e9s en inspiration pour tous vos projets.<\/h1>\n<\/div>\n\n\n\n<div class=\"wp-block-group alignfull has-global-padding is-layout-constrained wp-container-core-group-is-layout-b25ccd55 wp-block-group-is-layout-constrained\" style=\"margin-top:0;margin-bottom:0;padding-top:var(--wp--preset--spacing--50);padding-right:var(--wp--preset--spacing--50);padding-bottom:var(--wp--preset--spacing--50);padding-left:var(--wp--preset--spacing--50)\">\n<h2 class=\"wp-block-heading alignwide\">Jardins et ext\u00e9rieurs<\/h2>\n\n\n\n<div style=\"height:26px\" aria-hidden=\"true\" class=\"wp-block-spacer\"><\/div>\n\n\n\n<div class=\"wp-block-columns alignwide is-layout-flex wp-container-core-columns-is-layout-ff4b9c61 wp-block-columns-is-layout-flex\" style=\"margin-top:0;margin-bottom:0\">\n<div class=\"wp-block-column is-layout-flow wp-container-core-column-is-layout-8a368f38 wp-block-column-is-layout-flow\">\n<figure class=\"wp-block-image size-large is-style-default\"><img loading=\"lazy\" decoding=\"async\" width=\"1024\" height=\"768\" src=\"https:\/\/www.mathieu-debacq-services.fr\/wp-content\/uploads\/2026\/02\/WhatsApp-Image-2025-12-23-at-22.17.54-2-1024x768.jpeg\" alt=\"\" class=\"wp-image-67\" style=\"aspect-ratio:3\/4;object-fit:cover\" srcset=\"https:\/\/www.mathieu-debacq-services.fr\/wp-content\/uploads\/2026\/02\/WhatsApp-Image-2025-12-23-at-22.17.54-2-1024x768.jpeg 1024w, https:\/\/www.mathieu-debacq-services.fr\/wp-content\/uploads\/2026\/02\/WhatsApp-Image-2025-12-23-at-22.17.54-2-300x225.jpeg 300w, https:\/\/www.mathieu-debacq-services.fr\/wp-content\/uploads\/2026\/02\/WhatsApp-Image-2025-12-23-at-22.17.54-2-768x576.jpeg 768w, https:\/\/www.mathieu-debacq-services.fr\/wp-content\/uploads\/2026\/02\/WhatsApp-Image-2025-12-23-at-22.17.54-2-1536x1152.jpeg 1536w, https:\/\/www.mathieu-debacq-services.fr\/wp-content\/uploads\/2026\/02\/WhatsApp-Image-2025-12-23-at-22.17.54-2.jpeg 1600w\" sizes=\"auto, (max-width: 1024px) 100vw, 1024px\" \/><\/figure>\n\n\n\n<div style=\"height:20px\" aria-hidden=\"true\" class=\"wp-block-spacer\"><\/div>\n\n\n\n<p>Cr\u00e9ation d&#8217;une barri\u00e8re d&#8217;acc\u00e8s \u00e0 la piscineen bois massif + rivel\u00e9s.<\/p>\n\n\n\n<div style=\"height:45px\" aria-hidden=\"true\" class=\"wp-block-spacer\"><\/div>\n<\/div>\n\n\n\n<div class=\"wp-block-column is-layout-flow wp-container-core-column-is-layout-8a368f38 wp-block-column-is-layout-flow\">\n<figure class=\"wp-block-image size-large is-style-default\"><img loading=\"lazy\" decoding=\"async\" width=\"1024\" height=\"576\" src=\"http:\/\/www.mathieu-debacq-services.fr\/wp-content\/uploads\/2026\/02\/WhatsApp-Image-2025-12-23-at-22.18.43-2-1024x576.jpeg\" alt=\"\" class=\"wp-image-58\" style=\"aspect-ratio:3\/4;object-fit:cover\" srcset=\"https:\/\/www.mathieu-debacq-services.fr\/wp-content\/uploads\/2026\/02\/WhatsApp-Image-2025-12-23-at-22.18.43-2-1024x576.jpeg 1024w, https:\/\/www.mathieu-debacq-services.fr\/wp-content\/uploads\/2026\/02\/WhatsApp-Image-2025-12-23-at-22.18.43-2-300x169.jpeg 300w, https:\/\/www.mathieu-debacq-services.fr\/wp-content\/uploads\/2026\/02\/WhatsApp-Image-2025-12-23-at-22.18.43-2-768x432.jpeg 768w, https:\/\/www.mathieu-debacq-services.fr\/wp-content\/uploads\/2026\/02\/WhatsApp-Image-2025-12-23-at-22.18.43-2-1536x864.jpeg 1536w, https:\/\/www.mathieu-debacq-services.fr\/wp-content\/uploads\/2026\/02\/WhatsApp-Image-2025-12-23-at-22.18.43-2.jpeg 1600w\" sizes=\"auto, (max-width: 1024px) 100vw, 1024px\" \/><\/figure>\n\n\n\n<div style=\"height:20px\" aria-hidden=\"true\" class=\"wp-block-spacer\"><\/div>\n\n\n\n<p>Taillage d&#8217;un olivier centenaire et traitement insecticides.<\/p>\n\n\n\n<div style=\"height:45px\" aria-hidden=\"true\" class=\"wp-block-spacer\"><\/div>\n<\/div>\n\n\n\n<div class=\"wp-block-column is-layout-flow wp-container-core-column-is-layout-8a368f38 wp-block-column-is-layout-flow\">\n<figure class=\"wp-block-image size-large is-style-default\"><img loading=\"lazy\" decoding=\"async\" width=\"1024\" height=\"461\" src=\"http:\/\/www.mathieu-debacq-services.fr\/wp-content\/uploads\/2026\/02\/WhatsApp-Image-2025-12-23-at-22.17.56-3-1024x461.jpeg\" alt=\"\" class=\"wp-image-59\" style=\"aspect-ratio:3\/4;object-fit:cover\" srcset=\"https:\/\/www.mathieu-debacq-services.fr\/wp-content\/uploads\/2026\/02\/WhatsApp-Image-2025-12-23-at-22.17.56-3-1024x461.jpeg 1024w, https:\/\/www.mathieu-debacq-services.fr\/wp-content\/uploads\/2026\/02\/WhatsApp-Image-2025-12-23-at-22.17.56-3-300x135.jpeg 300w, https:\/\/www.mathieu-debacq-services.fr\/wp-content\/uploads\/2026\/02\/WhatsApp-Image-2025-12-23-at-22.17.56-3-768x346.jpeg 768w, https:\/\/www.mathieu-debacq-services.fr\/wp-content\/uploads\/2026\/02\/WhatsApp-Image-2025-12-23-at-22.17.56-3-1536x691.jpeg 1536w, https:\/\/www.mathieu-debacq-services.fr\/wp-content\/uploads\/2026\/02\/WhatsApp-Image-2025-12-23-at-22.17.56-3.jpeg 1600w\" sizes=\"auto, (max-width: 1024px) 100vw, 1024px\" \/><\/figure>\n\n\n\n<div style=\"height:20px\" aria-hidden=\"true\" class=\"wp-block-spacer\"><\/div>\n\n\n\n<p>Construction d&#8217;une terrasse en bois massif et traitement anti-humidit\u00e9.<\/p>\n\n\n\n<div style=\"height:45px\" aria-hidden=\"true\" class=\"wp-block-spacer\"><\/div>\n<\/div>\n<\/div>\n<\/div>\n\n\n\n<div class=\"wp-block-group alignfull has-global-padding is-layout-constrained wp-container-core-group-is-layout-b25ccd55 wp-block-group-is-layout-constrained\" style=\"margin-top:0;margin-bottom:0;padding-top:var(--wp--preset--spacing--50);padding-right:var(--wp--preset--spacing--50);padding-bottom:var(--wp--preset--spacing--50);padding-left:var(--wp--preset--spacing--50)\">\n<h2 class=\"wp-block-heading alignwide\">Int\u00e9rieurs &amp; Montage de meubles<\/h2>\n\n\n\n<div style=\"height:26px\" aria-hidden=\"true\" class=\"wp-block-spacer\"><\/div>\n\n\n\n<div class=\"wp-block-columns alignwide is-layout-flex wp-container-core-columns-is-layout-ff4b9c61 wp-block-columns-is-layout-flex\" style=\"margin-top:0;margin-bottom:0\">\n<div class=\"wp-block-column is-layout-flow wp-container-core-column-is-layout-8a368f38 wp-block-column-is-layout-flow\">\n<figure class=\"wp-block-image size-large is-style-default\"><img loading=\"lazy\" decoding=\"async\" width=\"768\" height=\"1024\" src=\"http:\/\/www.mathieu-debacq-services.fr\/wp-content\/uploads\/2026\/02\/WhatsApp-Image-2025-12-23-at-22.17.55-768x1024.jpeg\" alt=\"\" class=\"wp-image-55\" style=\"aspect-ratio:3\/4;object-fit:cover\" srcset=\"https:\/\/www.mathieu-debacq-services.fr\/wp-content\/uploads\/2026\/02\/WhatsApp-Image-2025-12-23-at-22.17.55-768x1024.jpeg 768w, https:\/\/www.mathieu-debacq-services.fr\/wp-content\/uploads\/2026\/02\/WhatsApp-Image-2025-12-23-at-22.17.55-225x300.jpeg 225w, https:\/\/www.mathieu-debacq-services.fr\/wp-content\/uploads\/2026\/02\/WhatsApp-Image-2025-12-23-at-22.17.55-1152x1536.jpeg 1152w, https:\/\/www.mathieu-debacq-services.fr\/wp-content\/uploads\/2026\/02\/WhatsApp-Image-2025-12-23-at-22.17.55.jpeg 1200w\" sizes=\"auto, (max-width: 768px) 100vw, 768px\" \/><\/figure>\n\n\n\n<div style=\"height:20px\" aria-hidden=\"true\" class=\"wp-block-spacer\"><\/div>\n\n\n\n<p>R\u00e9novation sur-mesure du parquet<\/p>\n<\/div>\n\n\n\n<div class=\"wp-block-column is-layout-flow wp-container-core-column-is-layout-8a368f38 wp-block-column-is-layout-flow\">\n<figure class=\"wp-block-image size-large is-style-default\"><img loading=\"lazy\" decoding=\"async\" width=\"1024\" height=\"461\" src=\"http:\/\/www.mathieu-debacq-services.fr\/wp-content\/uploads\/2026\/02\/WhatsApp-Image-2025-12-23-at-22.17.56-1024x461.jpeg\" alt=\"\" class=\"wp-image-48\" style=\"aspect-ratio:3\/4;object-fit:cover\" srcset=\"https:\/\/www.mathieu-debacq-services.fr\/wp-content\/uploads\/2026\/02\/WhatsApp-Image-2025-12-23-at-22.17.56-1024x461.jpeg 1024w, https:\/\/www.mathieu-debacq-services.fr\/wp-content\/uploads\/2026\/02\/WhatsApp-Image-2025-12-23-at-22.17.56-300x135.jpeg 300w, https:\/\/www.mathieu-debacq-services.fr\/wp-content\/uploads\/2026\/02\/WhatsApp-Image-2025-12-23-at-22.17.56-768x346.jpeg 768w, https:\/\/www.mathieu-debacq-services.fr\/wp-content\/uploads\/2026\/02\/WhatsApp-Image-2025-12-23-at-22.17.56-1536x691.jpeg 1536w, https:\/\/www.mathieu-debacq-services.fr\/wp-content\/uploads\/2026\/02\/WhatsApp-Image-2025-12-23-at-22.17.56.jpeg 1600w\" sizes=\"auto, (max-width: 1024px) 100vw, 1024px\" \/><\/figure>\n\n\n\n<div style=\"height:20px\" aria-hidden=\"true\" class=\"wp-block-spacer\"><\/div>\n\n\n\n<p>Cr\u00e9ation et installation d&#8217;une cuisine sur-mesure.<\/p>\n<\/div>\n\n\n\n<div class=\"wp-block-column is-layout-flow wp-container-core-column-is-layout-8a368f38 wp-block-column-is-layout-flow\">\n<figure class=\"wp-block-image size-large is-style-default\"><img loading=\"lazy\" decoding=\"async\" width=\"1024\" height=\"768\" src=\"https:\/\/www.mathieu-debacq-services.fr\/wp-content\/uploads\/2026\/02\/WhatsApp-Image-2025-12-23-at-22.17.55-1-1-1024x768.jpeg\" alt=\"\" class=\"wp-image-68\" style=\"aspect-ratio:3\/4;object-fit:cover\" srcset=\"https:\/\/www.mathieu-debacq-services.fr\/wp-content\/uploads\/2026\/02\/WhatsApp-Image-2025-12-23-at-22.17.55-1-1-1024x768.jpeg 1024w, https:\/\/www.mathieu-debacq-services.fr\/wp-content\/uploads\/2026\/02\/WhatsApp-Image-2025-12-23-at-22.17.55-1-1-300x225.jpeg 300w, https:\/\/www.mathieu-debacq-services.fr\/wp-content\/uploads\/2026\/02\/WhatsApp-Image-2025-12-23-at-22.17.55-1-1-768x576.jpeg 768w, https:\/\/www.mathieu-debacq-services.fr\/wp-content\/uploads\/2026\/02\/WhatsApp-Image-2025-12-23-at-22.17.55-1-1-1536x1152.jpeg 1536w, https:\/\/www.mathieu-debacq-services.fr\/wp-content\/uploads\/2026\/02\/WhatsApp-Image-2025-12-23-at-22.17.55-1-1.jpeg 1600w\" sizes=\"auto, (max-width: 1024px) 100vw, 1024px\" \/><\/figure>\n\n\n\n<div style=\"height:20px\" aria-hidden=\"true\" class=\"wp-block-spacer\"><\/div>\n\n\n\n<p>Montage et installation des \u00e9tag\u00e8res pour l&#8217;emplacement TV.<\/p>\n<\/div>\n<\/div>\n<\/div>\n\n\n\n<p><\/p>\n","protected":false},"excerpt":{"rendered":"<p>Quelques travaux r\u00e9alis\u00e9s en inspiration pour tous vos projets. Jardins et ext\u00e9rieurs Cr\u00e9ation d&#8217;une barri\u00e8re d&#8217;acc\u00e8s \u00e0 la piscineen bois massif + rivel\u00e9s. Taillage d&#8217;un olivier centenaire et traitement insecticides. Construction d&#8217;une terrasse en bois massif et traitement anti-humidit\u00e9. Int\u00e9rieurs &amp; Montage de meubles R\u00e9novation sur-mesure du parquet Cr\u00e9ation et installation d&#8217;une cuisine sur-mesure. Montage [&hellip;]<\/p>\n","protected":false},"author":1,"featured_media":0,"parent":0,"menu_order":0,"comment_status":"closed","ping_status":"closed","template":"templates\/portfolio.php","meta":{"footnotes":""},"class_list":["post-14","page","type-page","status-publish","hentry"],"_links":{"self":[{"href":"https:\/\/www.mathieu-debacq-services.fr\/index.php\/wp-json\/wp\/v2\/pages\/14","targetHints":{"allow":["GET"]}}],"collection":[{"href":"https:\/\/www.mathieu-debacq-services.fr\/index.php\/wp-json\/wp\/v2\/pages"}],"about":[{"href":"https:\/\/www.mathieu-debacq-services.fr\/index.php\/wp-json\/wp\/v2\/types\/page"}],"author":[{"embeddable":true,"href":"https:\/\/www.mathieu-debacq-services.fr\/index.php\/wp-json\/wp\/v2\/users\/1"}],"replies":[{"embeddable":true,"href":"https:\/\/www.mathieu-debacq-services.fr\/index.php\/wp-json\/wp\/v2\/comments?post=14"}],"version-history":[{"count":7,"href":"https:\/\/www.mathieu-debacq-services.fr\/index.php\/wp-json\/wp\/v2\/pages\/14\/revisions"}],"predecessor-version":[{"id":134,"href":"https:\/\/www.mathieu-debacq-services.fr\/index.php\/wp-json\/wp\/v2\/pages\/14\/revisions\/134"}],"wp:attachment":[{"href":"https:\/\/www.mathieu-debacq-services.fr\/index.php\/wp-json\/wp\/v2\/media?parent=14"}],"curies":[{"name":"wp","href":"https:\/\/api.w.org\/{rel}","templated":true}]}}